{"id":2,"date":"2020-12-05T15:48:14","date_gmt":"2020-12-05T15:48:14","guid":{"rendered":"http:\/\/tikkakoskenrauhanyhdistys.fi\/wordpress\/?page_id=2"},"modified":"2022-08-25T22:34:15","modified_gmt":"2022-08-25T19:34:15","slug":"sample-page","status":"publish","type":"page","link":"https:\/\/tikkakoskenrauhanyhdistys.fi\/wordpress\/","title":{"rendered":"Toiminta-ajatus"},"content":{"rendered":"\n<p>Tikkakosken rauhanyhdistyksen tarkoituksena on &#8221;her\u00e4tt\u00e4\u00e4 ja elvytt\u00e4\u00e4 kristillist\u00e4 uskonel\u00e4m\u00e4\u00e4 sek\u00e4 edist\u00e4\u00e4 kristillissiveellisten el\u00e4m\u00e4ntapojen, kansanraittiuden ja is\u00e4nmaallisen mielen vakiinnuttamista kansan keskuudessa.&#8221;<\/p>\n\n\n\n<p>Tikkakosken rauhanyhdistys kuuluu Suomen Rauhanyhdistysten Keskusyhdistykseen (<a href=\"http:\/\/rauhanyhdistys.fi\/\">SRK<\/a>). Vanhoillislestadiolaisuus on yksi evankelisluterilaisen kirkkomme her\u00e4tysliikkeist\u00e4. Toimintamuodoista t\u00e4rkein on kaikille avoimet seurat, jotka kokoavat yhteen kaikenik\u00e4isi\u00e4.<\/p>\n\n\n\n<p>Toimitalomme, entinen Jylh\u00e4nper\u00e4n koulu sijaitsee luonnonkauniilla paikalla Hiidenj\u00e4rven rannalla. Kiinteist\u00f6 ostettiin Tikkakosken Rauhanyhdistys ry:n nimiin vuonna 2010. V\u00e4litt\u00f6m\u00e4sti hankinnan j\u00e4lkeen aloitimme muutosty\u00f6n, jossa rakennusperinteit\u00e4 kunnioittaen muutimme luokkahuoneita sis\u00e4lt\u00e4neen osan seurasaliksi.<\/p>\n\n\n\n<p>Tilaisuutemme ovat avoimia kaikille. Tervetuloa seuroihin paikan p\u00e4\u00e4lle tai netin v\u00e4lityksell\u00e4. Toimitalolla pidett\u00e4v\u00e4t seurat on kuunneltavissa suorana l\u00e4hetyksen\u00e4 seuraohjelman mukaisesti.<\/p>\n\n\n\n<p><\/p>\n\n\n\n<p><\/p>\n","protected":false},"excerpt":{"rendered":"<p>Tikkakosken rauhanyhdistyksen tarkoituksena on &#8221;her\u00e4tt\u00e4\u00e4 ja elvytt\u00e4\u00e4 kristillist\u00e4 uskonel\u00e4m\u00e4\u00e4 sek\u00e4 edist\u00e4\u00e4 kristillissiveellisten el\u00e4m\u00e4ntapojen, kansanraittiuden ja is\u00e4nmaallisen mielen vakiinnuttamista kansan keskuudessa.&#8221; Tikkakosken rauhanyhdistys kuuluu Suomen Rauhanyhdistysten Keskusyhdistykseen (SRK). Vanhoillislestadiolaisuus on yksi evankelisluterilaisen kirkkomme her\u00e4tysliikkeist\u00e4. Toimintamuodoista t\u00e4rkein on kaikille avoimet seurat, jotka kokoavat yhteen kaikenik\u00e4isi\u00e4. Toimitalomme, entinen Jylh\u00e4nper\u00e4n koulu sijaitsee luonnonkauniilla paikalla Hiidenj\u00e4rven rannalla. Kiinteist\u00f6 ostettiin Tikkakosken &hellip; <\/p>\n<p class=\"link-more\"><a href=\"https:\/\/tikkakoskenrauhanyhdistys.fi\/wordpress\/\" class=\"more-link\">Jatka lukemista<span class=\"screen-reader-text\"> &#8221;Toiminta-ajatus&#8221;<\/span><\/a><\/p>\n","protected":false},"author":1,"featured_media":0,"parent":0,"menu_order":0,"comment_status":"closed","ping_status":"open","template":"","meta":{"footnotes":""},"class_list":["post-2","page","type-page","status-publish","hentry"],"_links":{"self":[{"href":"https:\/\/tikkakoskenrauhanyhdistys.fi\/wordpress\/index.php?rest_route=\/wp\/v2\/pages\/2","targetHints":{"allow":["GET"]}}],"collection":[{"href":"https:\/\/tikkakoskenrauhanyhdistys.fi\/wordpress\/index.php?rest_route=\/wp\/v2\/pages"}],"about":[{"href":"https:\/\/tikkakoskenrauhanyhdistys.fi\/wordpress\/index.php?rest_route=\/wp\/v2\/types\/page"}],"author":[{"embeddable":true,"href":"https:\/\/tikkakoskenrauhanyhdistys.fi\/wordpress\/index.php?rest_route=\/wp\/v2\/users\/1"}],"replies":[{"embeddable":true,"href":"https:\/\/tikkakoskenrauhanyhdistys.fi\/wordpress\/index.php?rest_route=%2Fwp%2Fv2%2Fcomments&post=2"}],"version-history":[{"count":11,"href":"https:\/\/tikkakoskenrauhanyhdistys.fi\/wordpress\/index.php?rest_route=\/wp\/v2\/pages\/2\/revisions"}],"predecessor-version":[{"id":156,"href":"https:\/\/tikkakoskenrauhanyhdistys.fi\/wordpress\/index.php?rest_route=\/wp\/v2\/pages\/2\/revisions\/156"}],"wp:attachment":[{"href":"https:\/\/tikkakoskenrauhanyhdistys.fi\/wordpress\/index.php?rest_route=%2Fwp%2Fv2%2Fmedia&parent=2"}],"curies":[{"name":"wp","href":"https:\/\/api.w.org\/{rel}","templated":true}]}}