{"id":30,"date":"2020-12-05T22:38:03","date_gmt":"2020-12-05T20:38:03","guid":{"rendered":"http:\/\/tikkakoskenrauhanyhdistys.fi\/wordpress\/?page_id=30"},"modified":"2020-12-10T18:24:13","modified_gmt":"2020-12-10T16:24:13","slug":"paivakerho-ja-pyhakoulu","status":"publish","type":"page","link":"https:\/\/tikkakoskenrauhanyhdistys.fi\/wordpress\/?page_id=30","title":{"rendered":"P\u00e4iv\u00e4kerho ja pyh\u00e4koulu"},"content":{"rendered":"\n<p>Tikkakosken Rauhanyhdistys j\u00e4rjest\u00e4\u00e4 lapsille pyh\u00e4kouluja ja p\u00e4iv\u00e4kerhoja. Kodeissa sunnuntai aamup\u00e4ivisin kokoontuvissa pyh\u00e4kouluissa nuorimmat ovat syli-ik\u00e4isi\u00e4. Maanantai-iltaisin kokoontuvat p\u00e4iv\u00e4kerhoa k\u00e4yv\u00e4t 4-6 vuotiaat Tikkakosken keskustassa olevassa kerhotilassa. Perusajatuksena sek\u00e4 pyh\u00e4koulussa ett\u00e4 p\u00e4iv\u00e4kerhossa on Jeesuksen antaman opetusk\u00e4skyn toteuttaminen. Opettajina toimivat teht\u00e4v\u00e4\u00e4n kutsutut henkil\u00f6t, jotka uskovat samalla tavalla lasten ja heid\u00e4n perheidens\u00e4 kanssa. <\/p>\n","protected":false},"excerpt":{"rendered":"<p>Tikkakosken Rauhanyhdistys j\u00e4rjest\u00e4\u00e4 lapsille pyh\u00e4kouluja ja p\u00e4iv\u00e4kerhoja. Kodeissa sunnuntai aamup\u00e4ivisin kokoontuvissa pyh\u00e4kouluissa nuorimmat ovat syli-ik\u00e4isi\u00e4. Maanantai-iltaisin kokoontuvat p\u00e4iv\u00e4kerhoa k\u00e4yv\u00e4t 4-6 vuotiaat Tikkakosken keskustassa olevassa kerhotilassa. Perusajatuksena sek\u00e4 pyh\u00e4koulussa ett\u00e4 p\u00e4iv\u00e4kerhossa on Jeesuksen antaman opetusk\u00e4skyn toteuttaminen. Opettajina toimivat teht\u00e4v\u00e4\u00e4n kutsutut henkil\u00f6t, jotka uskovat samalla tavalla lasten ja heid\u00e4n perheidens\u00e4 kanssa.<\/p>\n","protected":false},"author":1,"featured_media":0,"parent":0,"menu_order":0,"comment_status":"closed","ping_status":"closed","template":"","meta":{"footnotes":""},"class_list":["post-30","page","type-page","status-publish","hentry"],"_links":{"self":[{"href":"https:\/\/tikkakoskenrauhanyhdistys.fi\/wordpress\/index.php?rest_route=\/wp\/v2\/pages\/30","targetHints":{"allow":["GET"]}}],"collection":[{"href":"https:\/\/tikkakoskenrauhanyhdistys.fi\/wordpress\/index.php?rest_route=\/wp\/v2\/pages"}],"about":[{"href":"https:\/\/tikkakoskenrauhanyhdistys.fi\/wordpress\/index.php?rest_route=\/wp\/v2\/types\/page"}],"author":[{"embeddable":true,"href":"https:\/\/tikkakoskenrauhanyhdistys.fi\/wordpress\/index.php?rest_route=\/wp\/v2\/users\/1"}],"replies":[{"embeddable":true,"href":"https:\/\/tikkakoskenrauhanyhdistys.fi\/wordpress\/index.php?rest_route=%2Fwp%2Fv2%2Fcomments&post=30"}],"version-history":[{"count":2,"href":"https:\/\/tikkakoskenrauhanyhdistys.fi\/wordpress\/index.php?rest_route=\/wp\/v2\/pages\/30\/revisions"}],"predecessor-version":[{"id":71,"href":"https:\/\/tikkakoskenrauhanyhdistys.fi\/wordpress\/index.php?rest_route=\/wp\/v2\/pages\/30\/revisions\/71"}],"wp:attachment":[{"href":"https:\/\/tikkakoskenrauhanyhdistys.fi\/wordpress\/index.php?rest_route=%2Fwp%2Fv2%2Fmedia&parent=30"}],"curies":[{"name":"wp","href":"https:\/\/api.w.org\/{rel}","templated":true}]}}