{"id":32,"date":"2020-12-05T22:39:29","date_gmt":"2020-12-05T20:39:29","guid":{"rendered":"http:\/\/tikkakoskenrauhanyhdistys.fi\/wordpress\/?page_id=32"},"modified":"2020-12-05T22:39:29","modified_gmt":"2020-12-05T20:39:29","slug":"raamattuluokka","status":"publish","type":"page","link":"https:\/\/tikkakoskenrauhanyhdistys.fi\/wordpress\/?page_id=32","title":{"rendered":"Raamattuluokka"},"content":{"rendered":"\n<p>Raamattuluokkaty\u00f6 on suunnattu varhaisnuorille, jotka eiv\u00e4t ole viel\u00e4 k\u00e4yneet rippikoulua. Raamattuluokkien tarkoituksena on syvent\u00e4\u00e4 varhaisnuorten raamatuntuntemusta, hoitaa heid\u00e4n uskonel\u00e4m\u00e4\u00e4ns\u00e4 sek\u00e4 tukea kotien kristillist\u00e4 kasvatusta. Raamattuluokkia j\u00e4rjestet\u00e4\u00e4n perjantai-iltaisin kodeissa.<\/p>\n","protected":false},"excerpt":{"rendered":"<p>Raamattuluokkaty\u00f6 on suunnattu varhaisnuorille, jotka eiv\u00e4t ole viel\u00e4 k\u00e4yneet rippikoulua. Raamattuluokkien tarkoituksena on syvent\u00e4\u00e4 varhaisnuorten raamatuntuntemusta, hoitaa heid\u00e4n uskonel\u00e4m\u00e4\u00e4ns\u00e4 sek\u00e4 tukea kotien kristillist\u00e4 kasvatusta. Raamattuluokkia j\u00e4rjestet\u00e4\u00e4n perjantai-iltaisin kodeissa.<\/p>\n","protected":false},"author":1,"featured_media":0,"parent":0,"menu_order":0,"comment_status":"closed","ping_status":"closed","template":"","meta":{"footnotes":""},"class_list":["post-32","page","type-page","status-publish","hentry"],"_links":{"self":[{"href":"https:\/\/tikkakoskenrauhanyhdistys.fi\/wordpress\/index.php?rest_route=\/wp\/v2\/pages\/32","targetHints":{"allow":["GET"]}}],"collection":[{"href":"https:\/\/tikkakoskenrauhanyhdistys.fi\/wordpress\/index.php?rest_route=\/wp\/v2\/pages"}],"about":[{"href":"https:\/\/tikkakoskenrauhanyhdistys.fi\/wordpress\/index.php?rest_route=\/wp\/v2\/types\/page"}],"author":[{"embeddable":true,"href":"https:\/\/tikkakoskenrauhanyhdistys.fi\/wordpress\/index.php?rest_route=\/wp\/v2\/users\/1"}],"replies":[{"embeddable":true,"href":"https:\/\/tikkakoskenrauhanyhdistys.fi\/wordpress\/index.php?rest_route=%2Fwp%2Fv2%2Fcomments&post=32"}],"version-history":[{"count":1,"href":"https:\/\/tikkakoskenrauhanyhdistys.fi\/wordpress\/index.php?rest_route=\/wp\/v2\/pages\/32\/revisions"}],"predecessor-version":[{"id":33,"href":"https:\/\/tikkakoskenrauhanyhdistys.fi\/wordpress\/index.php?rest_route=\/wp\/v2\/pages\/32\/revisions\/33"}],"wp:attachment":[{"href":"https:\/\/tikkakoskenrauhanyhdistys.fi\/wordpress\/index.php?rest_route=%2Fwp%2Fv2%2Fmedia&parent=32"}],"curies":[{"name":"wp","href":"https:\/\/api.w.org\/{rel}","templated":true}]}}